{"id":776,"date":"2020-05-18T15:07:03","date_gmt":"2020-05-18T15:07:03","guid":{"rendered":"https:\/\/laferrande.com\/?page_id=776"},"modified":"2020-06-17T11:35:37","modified_gmt":"2020-06-17T11:35:37","slug":"the-reading-tv-room","status":"publish","type":"page","link":"https:\/\/laferrande.com\/fr\/the-reading-tv-room\/","title":{"rendered":"La Biblioth\u00e8que &amp; Le Salon T\u00e9l\u00e9vision"},"content":{"rendered":"<div data-elementor-type=\"wp-page\" data-elementor-id=\"776\" class=\"elementor elementor-776\">\n\t\t\t\t\t\t<section class=\"elementor-section elementor-top-section elementor-element elementor-element-33a79095 elementor-section-boxed elementor-section-height-default elementor-section-height-default\" data-id=\"33a79095\" data-element_type=\"section\" data-e-type=\"section\" data-settings=\"{&quot;background_background&quot;:&quot;classic&quot;}\">\n\t\t\t\t\t\t\t<div class=\"elementor-background-overlay\"><\/div>\n\t\t\t\t\t\t\t<div class=\"elementor-container elementor-column-gap-default\">\n\t\t\t\t\t<div class=\"elementor-column elementor-col-100 elementor-top-column elementor-element elementor-element-3706530d\" data-id=\"3706530d\" data-element_type=\"column\" data-e-type=\"column\">\n\t\t\t<div class=\"elementor-widget-wrap elementor-element-populated\">\n\t\t\t\t\t\t<div class=\"elementor-element elementor-element-537de1f elementor-widget elementor-widget-heading\" data-id=\"537de1f\" data-element_type=\"widget\" data-e-type=\"widget\" data-widget_type=\"heading.default\">\n\t\t\t\t<div class=\"elementor-widget-container\">\n\t\t\t\t\t<h1 class=\"elementor-heading-title elementor-size-default\">La Biblioth\u00e8que &amp; Le Salon T\u00e9l\u00e9vision<\/h1>\t\t\t\t<\/div>\n\t\t\t\t<\/div>\n\t\t\t\t\t<\/div>\n\t\t<\/div>\n\t\t\t\t\t<\/div>\n\t\t<\/section>\n\t\t\t\t<section class=\"elementor-section elementor-top-section elementor-element elementor-element-1c3a480 elementor-section-boxed elementor-section-height-default elementor-section-height-default\" data-id=\"1c3a480\" data-element_type=\"section\" data-e-type=\"section\">\n\t\t\t\t\t\t<div class=\"elementor-container elementor-column-gap-default\">\n\t\t\t\t\t<div class=\"elementor-column elementor-col-100 elementor-top-column elementor-element elementor-element-1ca627b\" data-id=\"1ca627b\" data-element_type=\"column\" data-e-type=\"column\">\n\t\t\t<div class=\"elementor-widget-wrap elementor-element-populated\">\n\t\t\t\t\t\t<div class=\"elementor-element elementor-element-42fd904 elementor-widget elementor-widget-heading\" data-id=\"42fd904\" data-element_type=\"widget\" data-e-type=\"widget\" data-widget_type=\"heading.default\">\n\t\t\t\t<div class=\"elementor-widget-container\">\n\t\t\t\t\t<h2 class=\"elementor-heading-title elementor-size-default\">Une salle unique &amp; spacieuse<\/h2>\t\t\t\t<\/div>\n\t\t\t\t<\/div>\n\t\t\t\t<div class=\"elementor-element elementor-element-432499d elementor-widget-divider--view-line elementor-widget elementor-widget-divider\" data-id=\"432499d\" data-element_type=\"widget\" data-e-type=\"widget\" data-widget_type=\"divider.default\">\n\t\t\t\t<div class=\"elementor-widget-container\">\n\t\t\t\t\t\t\t<div class=\"elementor-divider\">\n\t\t\t<span class=\"elementor-divider-separator\">\n\t\t\t\t\t\t<\/span>\n\t\t<\/div>\n\t\t\t\t\t\t<\/div>\n\t\t\t\t<\/div>\n\t\t\t\t<div class=\"elementor-element elementor-element-8dff22f elementor-widget elementor-widget-text-editor\" data-id=\"8dff22f\" data-element_type=\"widget\" data-e-type=\"widget\" data-widget_type=\"text-editor.default\">\n\t\t\t\t<div class=\"elementor-widget-container\">\n\t\t\t\t\t\t\t\t\t<p>Suite \u00e0 une reconversion du garage, cette grande pi\u00e8ce a \u00e9t\u00e9 r\u00e9am\u00e9nag\u00e9e et transform\u00e9e  en une majestueuse biblioth\u00e8que avec une chemin\u00e9e et de belles portes vitr\u00e9es.&nbsp;<\/p>\n<p>Avec sa biblioth\u00e8que murale, ses poutres en bois et son grand canap\u00e9, cette pi\u00e8ce vous invite dans un univers paisible pour lire, regarder la t\u00e9l\u00e9vision ou juste profiter de splendides vue des collines du Tanneron.<\/p>\t\t\t\t\t\t\t\t<\/div>\n\t\t\t\t<\/div>\n\t\t\t\t\t<\/div>\n\t\t<\/div>\n\t\t\t\t\t<\/div>\n\t\t<\/section>\n\t\t\t\t<section class=\"elementor-section elementor-top-section elementor-element elementor-element-ee1e328 elementor-section-boxed elementor-section-height-default elementor-section-height-default\" data-id=\"ee1e328\" data-element_type=\"section\" data-e-type=\"section\">\n\t\t\t\t\t\t<div class=\"elementor-container elementor-column-gap-default\">\n\t\t\t\t\t<div class=\"elementor-column elementor-col-33 elementor-top-column elementor-element elementor-element-66f6846\" data-id=\"66f6846\" data-element_type=\"column\" data-e-type=\"column\">\n\t\t\t<div class=\"elementor-widget-wrap elementor-element-populated\">\n\t\t\t\t\t\t<div class=\"elementor-element elementor-element-4b72e97 elementor-view-framed elementor-shape-circle elementor-widget elementor-widget-icon\" data-id=\"4b72e97\" data-element_type=\"widget\" data-e-type=\"widget\" data-widget_type=\"icon.default\">\n\t\t\t\t<div class=\"elementor-widget-container\">\n\t\t\t\t\t\t\t<div class=\"elementor-icon-wrapper\">\n\t\t\t<div class=\"elementor-icon elementor-animation-grow\">\n\t\t\t<i aria-hidden=\"true\" class=\"fas fa-couch\"><\/i>\t\t\t<\/div>\n\t\t<\/div>\n\t\t\t\t\t\t<\/div>\n\t\t\t\t<\/div>\n\t\t\t\t\t<\/div>\n\t\t<\/div>\n\t\t\t\t<div class=\"elementor-column elementor-col-33 elementor-top-column elementor-element elementor-element-4932c38\" data-id=\"4932c38\" data-element_type=\"column\" data-e-type=\"column\">\n\t\t\t<div class=\"elementor-widget-wrap elementor-element-populated\">\n\t\t\t\t\t\t<div class=\"elementor-element elementor-element-3aa7072 elementor-view-framed elementor-shape-circle elementor-widget elementor-widget-icon\" data-id=\"3aa7072\" data-element_type=\"widget\" data-e-type=\"widget\" data-widget_type=\"icon.default\">\n\t\t\t\t<div class=\"elementor-widget-container\">\n\t\t\t\t\t\t\t<div class=\"elementor-icon-wrapper\">\n\t\t\t<div class=\"elementor-icon elementor-animation-grow\">\n\t\t\t<i aria-hidden=\"true\" class=\"fas fa-tv\"><\/i>\t\t\t<\/div>\n\t\t<\/div>\n\t\t\t\t\t\t<\/div>\n\t\t\t\t<\/div>\n\t\t\t\t\t<\/div>\n\t\t<\/div>\n\t\t\t\t<div class=\"elementor-column elementor-col-33 elementor-top-column elementor-element elementor-element-592beae\" data-id=\"592beae\" data-element_type=\"column\" data-e-type=\"column\">\n\t\t\t<div class=\"elementor-widget-wrap elementor-element-populated\">\n\t\t\t\t\t\t<div class=\"elementor-element elementor-element-e429a22 elementor-view-framed elementor-shape-circle elementor-widget elementor-widget-icon\" data-id=\"e429a22\" data-element_type=\"widget\" data-e-type=\"widget\" data-widget_type=\"icon.default\">\n\t\t\t\t<div class=\"elementor-widget-container\">\n\t\t\t\t\t\t\t<div class=\"elementor-icon-wrapper\">\n\t\t\t<div class=\"elementor-icon elementor-animation-grow\">\n\t\t\t<i aria-hidden=\"true\" class=\"fas fa-book-open\"><\/i>\t\t\t<\/div>\n\t\t<\/div>\n\t\t\t\t\t\t<\/div>\n\t\t\t\t<\/div>\n\t\t\t\t\t<\/div>\n\t\t<\/div>\n\t\t\t\t\t<\/div>\n\t\t<\/section>\n\t\t\t\t<section class=\"elementor-section elementor-top-section elementor-element elementor-element-e270d37 elementor-section-boxed elementor-section-height-default elementor-section-height-default\" data-id=\"e270d37\" data-element_type=\"section\" data-e-type=\"section\">\n\t\t\t\t\t\t<div class=\"elementor-container elementor-column-gap-default\">\n\t\t\t\t\t<div class=\"elementor-column elementor-col-100 elementor-top-column elementor-element elementor-element-fc77ea5\" data-id=\"fc77ea5\" data-element_type=\"column\" data-e-type=\"column\">\n\t\t\t<div class=\"elementor-widget-wrap elementor-element-populated\">\n\t\t\t\t\t\t<div class=\"elementor-element elementor-element-f15a5fd gallery-spacing-custom elementor-widget elementor-widget-image-gallery\" data-id=\"f15a5fd\" data-element_type=\"widget\" data-e-type=\"widget\" data-widget_type=\"image-gallery.default\">\n\t\t\t\t<div class=\"elementor-widget-container\">\n\t\t\t\t\t\t\t<div class=\"elementor-image-gallery\">\n\t\t\t<div id='gallery-1' class='gallery galleryid-776 gallery-columns-2 gallery-size-full'><figure class='gallery-item'>\n\t\t\t<div class='gallery-icon landscape'>\n\t\t\t\t<a data-elementor-open-lightbox=\"yes\" data-elementor-lightbox-slideshow=\"f15a5fd\" data-elementor-lightbox-title=\"Impasse de la Colle Ferrande-1\" data-e-action-hash=\"#elementor-action%3Aaction%3Dlightbox%26settings%3DeyJpZCI6NTQ3LCJ1cmwiOiJodHRwczpcL1wvbGFmZXJyYW5kZS5jb21cL3dwLWNvbnRlbnRcL3VwbG9hZHNcLzIwMjBcLzA1XC9JbXBhc3NlLWRlLWxhLUNvbGxlLUZlcnJhbmRlLTEtc2NhbGVkLmpwZyIsInNsaWRlc2hvdyI6ImYxNWE1ZmQifQ%3D%3D\" href='https:\/\/laferrande.com\/fr\/home\/impasse-de-la-colle-ferrande-1\/'><img fetchpriority=\"high\" decoding=\"async\" width=\"2560\" height=\"1707\" src=\"https:\/\/laferrande.com\/wp-content\/uploads\/2020\/05\/Impasse-de-la-Colle-Ferrande-1-scaled.jpg\" class=\"attachment-full size-full\" alt=\"\" aria-describedby=\"gallery-1-547\" srcset=\"https:\/\/laferrande.com\/wp-content\/uploads\/2020\/05\/Impasse-de-la-Colle-Ferrande-1-scaled.jpg 2560w, https:\/\/laferrande.com\/wp-content\/uploads\/2020\/05\/Impasse-de-la-Colle-Ferrande-1-300x200.jpg 300w, https:\/\/laferrande.com\/wp-content\/uploads\/2020\/05\/Impasse-de-la-Colle-Ferrande-1-1024x683.jpg 1024w, https:\/\/laferrande.com\/wp-content\/uploads\/2020\/05\/Impasse-de-la-Colle-Ferrande-1-768x512.jpg 768w, https:\/\/laferrande.com\/wp-content\/uploads\/2020\/05\/Impasse-de-la-Colle-Ferrande-1-1536x1024.jpg 1536w, https:\/\/laferrande.com\/wp-content\/uploads\/2020\/05\/Impasse-de-la-Colle-Ferrande-1-2048x1365.jpg 2048w\" sizes=\"(max-width: 2560px) 100vw, 2560px\" \/><\/a>\n\t\t\t<\/div>\n\t\t\t\t<figcaption class='wp-caption-text gallery-caption' id='gallery-1-547'>\n\t\t\t\tReading &#038; TV Living Room\n\t\t\t\t<\/figcaption><\/figure><figure class='gallery-item'>\n\t\t\t<div class='gallery-icon landscape'>\n\t\t\t\t<a data-elementor-open-lightbox=\"yes\" data-elementor-lightbox-slideshow=\"f15a5fd\" data-elementor-lightbox-title=\"Impasse de la Colle Ferrande-2\" data-e-action-hash=\"#elementor-action%3Aaction%3Dlightbox%26settings%3DeyJpZCI6NTQ4LCJ1cmwiOiJodHRwczpcL1wvbGFmZXJyYW5kZS5jb21cL3dwLWNvbnRlbnRcL3VwbG9hZHNcLzIwMjBcLzA1XC9JbXBhc3NlLWRlLWxhLUNvbGxlLUZlcnJhbmRlLTItMS5wbmciLCJzbGlkZXNob3ciOiJmMTVhNWZkIn0%3D\" href='https:\/\/laferrande.com\/fr\/home\/impasse-de-la-colle-ferrande-2-2\/'><img decoding=\"async\" width=\"6637\" height=\"4425\" src=\"https:\/\/laferrande.com\/wp-content\/uploads\/2020\/05\/Impasse-de-la-Colle-Ferrande-2-1.png\" class=\"attachment-full size-full\" alt=\"\" aria-describedby=\"gallery-1-548\" srcset=\"https:\/\/laferrande.com\/wp-content\/uploads\/2020\/05\/Impasse-de-la-Colle-Ferrande-2-1.png 6637w, https:\/\/laferrande.com\/wp-content\/uploads\/2020\/05\/Impasse-de-la-Colle-Ferrande-2-1-300x200.png 300w, https:\/\/laferrande.com\/wp-content\/uploads\/2020\/05\/Impasse-de-la-Colle-Ferrande-2-1-1024x683.png 1024w, https:\/\/laferrande.com\/wp-content\/uploads\/2020\/05\/Impasse-de-la-Colle-Ferrande-2-1-768x512.png 768w, https:\/\/laferrande.com\/wp-content\/uploads\/2020\/05\/Impasse-de-la-Colle-Ferrande-2-1-1536x1024.png 1536w, https:\/\/laferrande.com\/wp-content\/uploads\/2020\/05\/Impasse-de-la-Colle-Ferrande-2-1-2048x1365.png 2048w\" sizes=\"(max-width: 6637px) 100vw, 6637px\" \/><\/a>\n\t\t\t<\/div>\n\t\t\t\t<figcaption class='wp-caption-text gallery-caption' id='gallery-1-548'>\n\t\t\t\tReading &#038; TV Living Room\n\t\t\t\t<\/figcaption><\/figure>\n\t\t<\/div>\n\t\t<\/div>\n\t\t\t\t\t\t<\/div>\n\t\t\t\t<\/div>\n\t\t\t\t\t<\/div>\n\t\t<\/div>\n\t\t\t\t\t<\/div>\n\t\t<\/section>\n\t\t\t\t<section class=\"elementor-section elementor-top-section elementor-element elementor-element-c544842 elementor-section-boxed elementor-section-height-default elementor-section-height-default\" data-id=\"c544842\" data-element_type=\"section\" data-e-type=\"section\">\n\t\t\t\t\t\t<div class=\"elementor-container elementor-column-gap-default\">\n\t\t\t\t\t<div class=\"elementor-column elementor-col-100 elementor-top-column elementor-element elementor-element-8e1fa83\" data-id=\"8e1fa83\" data-element_type=\"column\" data-e-type=\"column\">\n\t\t\t<div class=\"elementor-widget-wrap elementor-element-populated\">\n\t\t\t\t\t\t<div class=\"elementor-element elementor-element-391270e elementor-widget elementor-widget-heading\" data-id=\"391270e\" data-element_type=\"widget\" data-e-type=\"widget\" data-widget_type=\"heading.default\">\n\t\t\t\t<div class=\"elementor-widget-container\">\n\t\t\t\t\t<h2 class=\"elementor-heading-title elementor-size-default\">Avec sa terrasse<\/h2>\t\t\t\t<\/div>\n\t\t\t\t<\/div>\n\t\t\t\t<div class=\"elementor-element elementor-element-7d15532 elementor-widget-divider--view-line elementor-widget elementor-widget-divider\" data-id=\"7d15532\" data-element_type=\"widget\" data-e-type=\"widget\" data-widget_type=\"divider.default\">\n\t\t\t\t<div class=\"elementor-widget-container\">\n\t\t\t\t\t\t\t<div class=\"elementor-divider\">\n\t\t\t<span class=\"elementor-divider-separator\">\n\t\t\t\t\t\t<\/span>\n\t\t<\/div>\n\t\t\t\t\t\t<\/div>\n\t\t\t\t<\/div>\n\t\t\t\t<div class=\"elementor-element elementor-element-b750453 gallery-spacing-custom elementor-widget elementor-widget-image-gallery\" data-id=\"b750453\" data-element_type=\"widget\" data-e-type=\"widget\" data-widget_type=\"image-gallery.default\">\n\t\t\t\t<div class=\"elementor-widget-container\">\n\t\t\t\t\t\t\t<div class=\"elementor-image-gallery\">\n\t\t\t<div id='gallery-2' class='gallery galleryid-776 gallery-columns-2 gallery-size-full'><figure class='gallery-item'>\n\t\t\t<div class='gallery-icon landscape'>\n\t\t\t\t<a data-elementor-open-lightbox=\"yes\" data-elementor-lightbox-slideshow=\"b750453\" data-elementor-lightbox-title=\"Impasse de la Colle Ferrande-23\" data-e-action-hash=\"#elementor-action%3Aaction%3Dlightbox%26settings%3DeyJpZCI6NTY5LCJ1cmwiOiJodHRwczpcL1wvbGFmZXJyYW5kZS5jb21cL3dwLWNvbnRlbnRcL3VwbG9hZHNcLzIwMjBcLzA1XC9JbXBhc3NlLWRlLWxhLUNvbGxlLUZlcnJhbmRlLTIzLXNjYWxlZC5qcGciLCJzbGlkZXNob3ciOiJiNzUwNDUzIn0%3D\" href='https:\/\/laferrande.com\/fr\/home\/impasse-de-la-colle-ferrande-23\/'><img decoding=\"async\" width=\"2560\" height=\"1707\" src=\"https:\/\/laferrande.com\/wp-content\/uploads\/2020\/05\/Impasse-de-la-Colle-Ferrande-23-scaled.jpg\" class=\"attachment-full size-full\" alt=\"\" aria-describedby=\"gallery-2-569\" srcset=\"https:\/\/laferrande.com\/wp-content\/uploads\/2020\/05\/Impasse-de-la-Colle-Ferrande-23-scaled.jpg 2560w, https:\/\/laferrande.com\/wp-content\/uploads\/2020\/05\/Impasse-de-la-Colle-Ferrande-23-300x200.jpg 300w, https:\/\/laferrande.com\/wp-content\/uploads\/2020\/05\/Impasse-de-la-Colle-Ferrande-23-1024x683.jpg 1024w, https:\/\/laferrande.com\/wp-content\/uploads\/2020\/05\/Impasse-de-la-Colle-Ferrande-23-768x512.jpg 768w, https:\/\/laferrande.com\/wp-content\/uploads\/2020\/05\/Impasse-de-la-Colle-Ferrande-23-1536x1024.jpg 1536w, https:\/\/laferrande.com\/wp-content\/uploads\/2020\/05\/Impasse-de-la-Colle-Ferrande-23-2048x1365.jpg 2048w\" sizes=\"(max-width: 2560px) 100vw, 2560px\" \/><\/a>\n\t\t\t<\/div>\n\t\t\t\t<figcaption class='wp-caption-text gallery-caption' id='gallery-2-569'>\n\t\t\t\tLa Terrasse\n\t\t\t\t<\/figcaption><\/figure><figure class='gallery-item'>\n\t\t\t<div class='gallery-icon landscape'>\n\t\t\t\t<a data-elementor-open-lightbox=\"yes\" data-elementor-lightbox-slideshow=\"b750453\" data-elementor-lightbox-title=\"Impasse de la Colle Ferrande-22\" data-e-action-hash=\"#elementor-action%3Aaction%3Dlightbox%26settings%3DeyJpZCI6NTY4LCJ1cmwiOiJodHRwczpcL1wvbGFmZXJyYW5kZS5jb21cL3dwLWNvbnRlbnRcL3VwbG9hZHNcLzIwMjBcLzA1XC9JbXBhc3NlLWRlLWxhLUNvbGxlLUZlcnJhbmRlLTIyLXNjYWxlZC5qcGciLCJzbGlkZXNob3ciOiJiNzUwNDUzIn0%3D\" href='https:\/\/laferrande.com\/fr\/home\/impasse-de-la-colle-ferrande-22\/'><img loading=\"lazy\" decoding=\"async\" width=\"2560\" height=\"1707\" src=\"https:\/\/laferrande.com\/wp-content\/uploads\/2020\/05\/Impasse-de-la-Colle-Ferrande-22-scaled.jpg\" class=\"attachment-full size-full\" alt=\"\" aria-describedby=\"gallery-2-568\" srcset=\"https:\/\/laferrande.com\/wp-content\/uploads\/2020\/05\/Impasse-de-la-Colle-Ferrande-22-scaled.jpg 2560w, https:\/\/laferrande.com\/wp-content\/uploads\/2020\/05\/Impasse-de-la-Colle-Ferrande-22-300x200.jpg 300w, https:\/\/laferrande.com\/wp-content\/uploads\/2020\/05\/Impasse-de-la-Colle-Ferrande-22-1024x683.jpg 1024w, https:\/\/laferrande.com\/wp-content\/uploads\/2020\/05\/Impasse-de-la-Colle-Ferrande-22-768x512.jpg 768w, https:\/\/laferrande.com\/wp-content\/uploads\/2020\/05\/Impasse-de-la-Colle-Ferrande-22-1536x1024.jpg 1536w, https:\/\/laferrande.com\/wp-content\/uploads\/2020\/05\/Impasse-de-la-Colle-Ferrande-22-2048x1365.jpg 2048w\" sizes=\"(max-width: 2560px) 100vw, 2560px\" \/><\/a>\n\t\t\t<\/div>\n\t\t\t\t<figcaption class='wp-caption-text gallery-caption' id='gallery-2-568'>\n\t\t\t\tLa Terrasse\n\t\t\t\t<\/figcaption><\/figure>\n\t\t<\/div>\n\t\t<\/div>\n\t\t\t\t\t\t<\/div>\n\t\t\t\t<\/div>\n\t\t\t\t\t<\/div>\n\t\t<\/div>\n\t\t\t\t\t<\/div>\n\t\t<\/section>\n\t\t\t\t<\/div>","protected":false},"excerpt":{"rendered":"<p>The Reading &amp; TV Living Room A unique &amp; spacious room The Reading &amp; TV living room is the garage that has been transformed into a spacious &amp; high-ceiling study.&nbsp; With it&#8217;s wall-high book shelf and its enormous couch, this room invites you into a relaxed environment whether you want to read, watch TV or [&hellip;]<\/p>\n","protected":false},"author":1,"featured_media":0,"parent":0,"menu_order":0,"comment_status":"closed","ping_status":"closed","template":"","meta":{"site-sidebar-layout":"no-sidebar","site-content-layout":"page-builder","ast-site-content-layout":"default","site-content-style":"default","site-sidebar-style":"default","ast-global-header-display":"","ast-banner-title-visibility":"","ast-main-header-display":"","ast-hfb-above-header-display":"","ast-hfb-below-header-display":"","ast-hfb-mobile-header-display":"","site-post-title":"disabled","ast-breadcrumbs-content":"","ast-featured-img":"disabled","footer-sml-layout":"","ast-disable-related-posts":"","theme-transparent-header-meta":"default","adv-header-id-meta":"","stick-header-meta":"","header-above-stick-meta":"","header-main-stick-meta":"","header-below-stick-meta":"","astra-migrate-meta-layouts":"default","ast-page-background-enabled":"default","ast-page-background-meta":{"desktop":{"background-color":"","background-image":"","background-repeat":"repeat","background-position":"center center","background-size":"auto","background-attachment":"scroll","background-type":"","background-media":"","overlay-type":"","overlay-color":"","overlay-opacity":"","overlay-gradient":""},"tablet":{"background-color":"","background-image":"","background-repeat":"repeat","background-position":"center center","background-size":"auto","background-attachment":"scroll","background-type":"","background-media":"","overlay-type":"","overlay-color":"","overlay-opacity":"","overlay-gradient":""},"mobile":{"background-color":"","background-image":"","background-repeat":"repeat","background-position":"center center","background-size":"auto","background-attachment":"scroll","background-type":"","background-media":"","overlay-type":"","overlay-color":"","overlay-opacity":"","overlay-gradient":""}},"ast-content-background-meta":{"desktop":{"background-color":"var(--ast-global-color-5)","background-image":"","background-repeat":"repeat","background-position":"center center","background-size":"auto","background-attachment":"scroll","background-type":"","background-media":"","overlay-type":"","overlay-color":"","overlay-opacity":"","overlay-gradient":""},"tablet":{"background-color":"var(--ast-global-color-5)","background-image":"","background-repeat":"repeat","background-position":"center center","background-size":"auto","background-attachment":"scroll","background-type":"","background-media":"","overlay-type":"","overlay-color":"","overlay-opacity":"","overlay-gradient":""},"mobile":{"background-color":"var(--ast-global-color-5)","background-image":"","background-repeat":"repeat","background-position":"center center","background-size":"auto","background-attachment":"scroll","background-type":"","background-media":"","overlay-type":"","overlay-color":"","overlay-opacity":"","overlay-gradient":""}},"footnotes":""},"class_list":["post-776","page","type-page","status-publish","hentry"],"_links":{"self":[{"href":"https:\/\/laferrande.com\/fr\/wp-json\/wp\/v2\/pages\/776","targetHints":{"allow":["GET"]}}],"collection":[{"href":"https:\/\/laferrande.com\/fr\/wp-json\/wp\/v2\/pages"}],"about":[{"href":"https:\/\/laferrande.com\/fr\/wp-json\/wp\/v2\/types\/page"}],"author":[{"embeddable":true,"href":"https:\/\/laferrande.com\/fr\/wp-json\/wp\/v2\/users\/1"}],"replies":[{"embeddable":true,"href":"https:\/\/laferrande.com\/fr\/wp-json\/wp\/v2\/comments?post=776"}],"version-history":[{"count":15,"href":"https:\/\/laferrande.com\/fr\/wp-json\/wp\/v2\/pages\/776\/revisions"}],"predecessor-version":[{"id":1306,"href":"https:\/\/laferrande.com\/fr\/wp-json\/wp\/v2\/pages\/776\/revisions\/1306"}],"wp:attachment":[{"href":"https:\/\/laferrande.com\/fr\/wp-json\/wp\/v2\/media?parent=776"}],"curies":[{"name":"wp","href":"https:\/\/api.w.org\/{rel}","templated":true}]}}